{"id":28,"date":"2025-04-05T13:17:25","date_gmt":"2025-04-05T11:17:25","guid":{"rendered":"https:\/\/cultur-moderne.com\/?page_id=28"},"modified":"2025-07-06T11:32:48","modified_gmt":"2025-07-06T09:32:48","slug":"mecanique","status":"publish","type":"page","link":"https:\/\/cultur-moderne.com\/?page_id=28","title":{"rendered":"M\u00e9canique,Vente et r\u00e9paration"},"content":{"rendered":"\n<div class=\"wp-block-group alignfull has-accent-2-background-color has-background has-global-padding is-layout-constrained wp-container-core-group-is-layout-1 wp-block-group-is-layout-constrained\" style=\"margin-top:0;margin-bottom:0;padding-top:var(--wp--preset--spacing--50);padding-right:var(--wp--preset--spacing--50);padding-bottom:var(--wp--preset--spacing--50);padding-left:var(--wp--preset--spacing--50)\">\n<div class=\"wp-block-columns alignwide is-layout-flex wp-container-core-columns-is-layout-1 wp-block-columns-is-layout-flex\">\n<div class=\"wp-block-column is-layout-flow wp-block-column-is-layout-flow\" style=\"flex-basis:40%\">\n<p class=\"wp-container-content-1\"><strong><em>Entretien, r\u00e9paration et vente \u2013 V\u00e9hicules &amp; \u00e9quipements toutes cat\u00e9gories.<\/em><\/strong><\/p>\n<\/div>\n\n\n\n<div class=\"wp-block-column is-layout-flow wp-block-column-is-layout-flow\" style=\"flex-basis:60%\">\n<p class=\"has-heading-font-family has-x-large-font-size\" style=\"line-height:1.2\">En compl\u00e9ment de notre activit\u00e9 de M\u00e9tallerie, Serrurerie, ferronnerie, <strong>Cultur Moderne<\/strong> du Richelais propose \u00e9galement un service complet de <strong>r\u00e9paration m\u00e9canique<\/strong> et <strong>vente de v\u00e9hicules et mat\u00e9riels<\/strong>, situ\u00e9 \u00e0 <strong>Faye-la-Vineuse<\/strong>, en Indre-et-Loire.<\/p>\n\n\n\n<p>Nous intervenons sur un large \u00e9ventail de machines et v\u00e9hicules, pour les <strong>particuliers, professionnels, agriculteurs et collectivit\u00e9s<\/strong> .<\/p>\n<\/div>\n<\/div>\n\n\n\n<div aria-hidden=\"true\" class=\"wp-block-spacer\"><\/div>\n\n\n\n<figure class=\"wp-block-image alignwide size-large is-style-rounded is-style-rounded--1\"><img fetchpriority=\"high\" width=\"1024\" height=\"768\"  alt=\"\" class=\"wp-image-185 lws-optimize-lazyload\"\/ data-src=\"https:\/\/cultur-moderne.com\/wp-content\/uploads\/2025\/06\/engine-1100580_1280-1024x768.jpg\" srcset=\"https:\/\/cultur-moderne.com\/wp-content\/uploads\/2025\/06\/engine-1100580_1280-1024x768.jpg 1024w, https:\/\/cultur-moderne.com\/wp-content\/uploads\/2025\/06\/engine-1100580_1280-300x225.jpg 300w, https:\/\/cultur-moderne.com\/wp-content\/uploads\/2025\/06\/engine-1100580_1280-768x576.jpg 768w, https:\/\/cultur-moderne.com\/wp-content\/uploads\/2025\/06\/engine-1100580_1280.jpg 1280w\" sizes=\"(max-width: 1024px) 100vw, 1024px\" \/><\/figure>\n<\/div>\n\n\n\n<div class=\"wp-block-group alignfull has-base-background-color has-background has-global-padding is-layout-constrained wp-container-core-group-is-layout-2 wp-block-group-is-layout-constrained\" style=\"margin-top:0;margin-bottom:0;padding-top:var(--wp--preset--spacing--50);padding-right:var(--wp--preset--spacing--50);padding-bottom:var(--wp--preset--spacing--50);padding-left:var(--wp--preset--spacing--50)\">\n<div class=\"wp-block-columns alignwide is-layout-flex wp-container-core-columns-is-layout-3 wp-block-columns-is-layout-flex\">\n<div class=\"wp-block-column has-global-padding is-content-justification-left is-layout-constrained wp-container-core-column-is-layout-3 wp-block-column-is-layout-constrained\" style=\"flex-basis:40%\">\n<p>La m\u00e9canique en g\u00e9n\u00e9ral.<\/p>\n<\/div>\n\n\n\n<div class=\"wp-block-column is-layout-flow wp-container-core-column-is-layout-6 wp-block-column-is-layout-flow\" style=\"flex-basis:60%\">\n<p class=\"has-heading-font-family has-x-large-font-size\" style=\"line-height:1.2\">Notre atelier assure l\u2019<strong>entretien, le diagnostic et la r\u00e9paration<\/strong> m\u00e9canique, hydraulique et \u00e9lectrique avec rigueur et r\u00e9activit\u00e9. Nous proposons \u00e9galement la <strong>vente de v\u00e9hicules neufs et d\u2019occasion<\/strong>, de la voiture particuli\u00e8re au tracteur, en passant par le petit mat\u00e9riel de jardin.<\/p>\n\n\n\n<div class=\"wp-block-columns is-layout-flex wp-container-core-columns-is-layout-2 wp-block-columns-is-layout-flex\">\n<div class=\"wp-block-column is-layout-flow wp-block-column-is-layout-flow\">\n<p class=\"wp-container-content-2\">Soucieux de r\u00e9pondre \u00e0 vos besoins de mani\u00e8re durable et adapt\u00e9e, nous mettons notre expertise technique au service de la fiabilit\u00e9, de la performance et de la long\u00e9vit\u00e9 de vos \u00e9quipements.<\/p>\n\n\n\n<p class=\"has-heading-font-family has-x-large-font-size\" style=\"line-height:1.2\"><strong>V\u00e9hicules utilitaires et de loisir<\/strong><\/p>\n\n\n\n<p><strong>Automobiles<\/strong> toutes marques<\/p>\n\n\n\n<p><strong>Mat\u00e9riel agricole<\/strong><\/p>\n\n\n\n<p><strong>Engins de travaux publics<\/strong><\/p>\n\n\n\n<p><strong>\u00c9quipements de motoculture<\/strong> (tondeuses, tron\u00e7onneuses, d\u00e9broussailleuses, etc.)<\/p>\n<\/div>\n\n\n\n<div class=\"wp-block-column is-layout-flow wp-block-column-is-layout-flow\">\n<p>\ud83d\udee0\ufe0f <strong>Entretien et r\u00e9paration toutes marques<\/strong><br>Nous intervenons rapidement et efficacement sur :<\/p>\n\n\n\n<ul class=\"wp-block-list\">\n<li><strong>V\u00e9hicules l\u00e9gers<\/strong> (essence, diesel, \u00c9thanol E85\u2026)<\/li>\n\n\n\n<li><strong>Mat\u00e9riel agricole<\/strong> (tracteurs, remorques, outils attel\u00e9s\u2026)<\/li>\n\n\n\n<li><strong>Engins de travaux publics<\/strong><\/li>\n\n\n\n<li><strong>\u00c9quipements de motoculture<\/strong> (tondeuses, tron\u00e7onneuses, d\u00e9broussailleuses\u2026)<\/li>\n<\/ul>\n\n\n\n<p>\ud83d\ude99 <strong>Achat et vente de v\u00e9hicules &amp; machines<\/strong><br>Nous vous proposons une <strong>s\u00e9lection de v\u00e9hicules neufs et d\u2019occasion<\/strong>, soigneusement r\u00e9vis\u00e9s :<\/p>\n\n\n\n<p>Mat\u00e9riel de jardin &amp; motoculture<\/p>\n\n\n\n<p>Autos &amp; utilitaires<\/p>\n\n\n\n<p>Tracteurs &amp; engins agricoles<\/p>\n<\/div>\n<\/div>\n<\/div>\n<\/div>\n<\/div>\n\n\n\n<div class=\"wp-block-cover alignfull is-light has-parallax\" style=\"padding-top:var(--wp--preset--spacing--50);padding-right:var(--wp--preset--spacing--50);padding-bottom:var(--wp--preset--spacing--50);padding-left:var(--wp--preset--spacing--50);min-height:100vh;aspect-ratio:unset;\"><span aria-hidden=\"true\" class=\"wp-block-cover__background has-base-background-color has-background-dim-0 has-background-dim\"><\/span><div class=\"wp-block-cover__image-background wp-image-186 has-parallax\" style=\"background-position:50% 50%;background-image:url(https:\/\/cultur-moderne.com\/wp-content\/uploads\/2025\/06\/honda-4141520_1280.jpg)\"><\/div><div class=\"wp-block-cover__inner-container has-global-padding is-layout-constrained wp-container-core-cover-is-layout-1 wp-block-cover-is-layout-constrained\">\n<div style=\"height:500px\" aria-hidden=\"true\" class=\"wp-block-spacer\"><\/div>\n<\/div><\/div>\n\n\n\n<div class=\"wp-block-group alignfull has-base-2-background-color has-background has-global-padding is-layout-constrained wp-container-core-group-is-layout-4 wp-block-group-is-layout-constrained\" style=\"margin-top:0;margin-bottom:0;padding-top:var(--wp--preset--spacing--60);padding-right:var(--wp--preset--spacing--60);padding-bottom:var(--wp--preset--spacing--60);padding-left:var(--wp--preset--spacing--60)\">\n<div class=\"wp-block-group alignwide is-layout-flow wp-block-group-is-layout-flow\">\n<div style=\"height:var(--wp--preset--spacing--50)\" aria-hidden=\"true\" class=\"wp-block-spacer\"><\/div>\n\n\n\n<p class=\"has-text-align-center has-heading-font-family has-x-large-font-size\" style=\"font-style:normal;font-weight:400;line-height:1.2\"><strong>Un seul interlocuteur pour tous vos besoins m\u00e9caniques !<\/strong><br>Que ce soit pour une <strong>r\u00e9vision, une r\u00e9paration urgente ou l\u2019achat d\u2019un \u00e9quipement fiable<\/strong>, nous mettons notre expertise \u00e0 votre service avec professionnalisme, conseils personnalis\u00e9s et transparence.<\/p>\n\n\n\n<p class=\"has-text-align-center has-heading-font-family has-x-large-font-size\" style=\"font-style:normal;font-weight:400;line-height:1.2\">\ud83d\udc49 <strong><a href=\"https:\/\/cultur-moderne.com\/?page_id=189\">Prenez rendez-vous d\u00e8s aujourd\u2019hui ou venez d\u00e9couvrir nos v\u00e9hicules disponibles sur place !<\/a><\/strong><\/p>\n\n\n\n<div style=\"height:var(--wp--preset--spacing--50)\" aria-hidden=\"true\" class=\"wp-block-spacer\"><\/div>\n<\/div>\n<\/div>\n\n\n\n<div class=\"wp-block-group alignfull has-base-2-color has-contrast-background-color has-text-color has-background has-link-color wp-elements-f6b2356b0820588b5fe9c4ccea400424 has-global-padding is-layout-constrained wp-container-core-group-is-layout-5 wp-block-group-is-layout-constrained\" style=\"margin-top:0;margin-bottom:0;padding-top:var(--wp--preset--spacing--50);padding-right:var(--wp--preset--spacing--50);padding-bottom:var(--wp--preset--spacing--50);padding-left:var(--wp--preset--spacing--50)\">\n<div class=\"wp-block-columns alignwide is-layout-flex wp-container-core-columns-is-layout-4 wp-block-columns-is-layout-flex\">\n<div class=\"wp-block-column is-layout-flow wp-block-column-is-layout-flow\"><\/div>\n<\/div>\n<\/div>\n","protected":false},"excerpt":{"rendered":"<p>Entretien, r\u00e9paration et vente \u2013 V\u00e9hicules &amp; \u00e9quipements toutes cat\u00e9gories. En compl\u00e9ment de notre activit\u00e9 de M\u00e9tallerie, Serrurerie, ferronnerie, Cultur Moderne du Richelais propose \u00e9galement un service complet de r\u00e9paration m\u00e9canique et vente de v\u00e9hicules et mat\u00e9riels, situ\u00e9 \u00e0 Faye-la-Vineuse, en Indre-et-Loire. Nous intervenons sur un large \u00e9ventail de machines et v\u00e9hicules, pour les particuliers, [&hellip;]<\/p>\n","protected":false},"author":1,"featured_media":0,"parent":0,"menu_order":0,"comment_status":"closed","ping_status":"closed","template":"","meta":{"footnotes":""},"class_list":["post-28","page","type-page","status-publish","hentry"],"_links":{"self":[{"href":"https:\/\/cultur-moderne.com\/index.php?rest_route=\/wp\/v2\/pages\/28","targetHints":{"allow":["GET"]}}],"collection":[{"href":"https:\/\/cultur-moderne.com\/index.php?rest_route=\/wp\/v2\/pages"}],"about":[{"href":"https:\/\/cultur-moderne.com\/index.php?rest_route=\/wp\/v2\/types\/page"}],"author":[{"embeddable":true,"href":"https:\/\/cultur-moderne.com\/index.php?rest_route=\/wp\/v2\/users\/1"}],"replies":[{"embeddable":true,"href":"https:\/\/cultur-moderne.com\/index.php?rest_route=%2Fwp%2Fv2%2Fcomments&post=28"}],"version-history":[{"count":7,"href":"https:\/\/cultur-moderne.com\/index.php?rest_route=\/wp\/v2\/pages\/28\/revisions"}],"predecessor-version":[{"id":302,"href":"https:\/\/cultur-moderne.com\/index.php?rest_route=\/wp\/v2\/pages\/28\/revisions\/302"}],"wp:attachment":[{"href":"https:\/\/cultur-moderne.com\/index.php?rest_route=%2Fwp%2Fv2%2Fmedia&parent=28"}],"curies":[{"name":"wp","href":"https:\/\/api.w.org\/{rel}","templated":true}]}}