{"id":24,"date":"2025-04-05T13:16:47","date_gmt":"2025-04-05T11:16:47","guid":{"rendered":"https:\/\/cultur-moderne.com\/?page_id=24"},"modified":"2025-07-06T11:31:28","modified_gmt":"2025-07-06T09:31:28","slug":"serrurerie","status":"publish","type":"page","link":"https:\/\/cultur-moderne.com\/?page_id=24","title":{"rendered":"Serrurerie et Motorisation"},"content":{"rendered":"\n<div class=\"wp-block-group alignfull has-accent-background-color has-background has-global-padding is-layout-constrained wp-container-core-group-is-layout-3 wp-block-group-is-layout-constrained\" style=\"margin-top:0;margin-bottom:0;padding-top:var(--wp--preset--spacing--50);padding-right:var(--wp--preset--spacing--50);padding-bottom:var(--wp--preset--spacing--50);padding-left:var(--wp--preset--spacing--50)\">\n<div class=\"wp-block-columns alignwide is-layout-flex wp-container-core-columns-is-layout-1 wp-block-columns-is-layout-flex\">\n<div class=\"wp-block-column is-vertically-aligned-stretch is-layout-flow wp-block-column-is-layout-flow\" style=\"flex-basis:50%\">\n<div class=\"wp-block-group is-vertical is-content-justification-stretch is-layout-flex wp-container-core-group-is-layout-2 wp-block-group-is-layout-flex\" style=\"min-height:100%\">\n<p class=\"has-heading-font-family has-x-large-font-size\" style=\"line-height:1.2\">Chez Cultur&rsquo;Moderne du Richelais, nous mettons notre savoir-faire artisanal au service de votre s\u00e9curit\u00e9. Bas\u00e9s \u00e0 Faye-la-Vineuse, nous intervenons rapidement aupr\u00e8s des particuliers, professionnels et collectivit\u00e9s pour tous vos besoins en serrurerie.<\/p>\n\n\n\n<div class=\"wp-block-group has-global-padding is-content-justification-left is-layout-constrained wp-container-core-group-is-layout-1 wp-block-group-is-layout-constrained\">\n<div class=\"wp-block-buttons is-layout-flex wp-block-buttons-is-layout-flex\">\n<div class=\"wp-block-button\"><a class=\"wp-block-button__link wp-element-button\" href=\"https:\/\/cultur-moderne.com\/?page_id=189\">\u00c0 propos de nous&#8230;<\/a><\/div>\n<\/div>\n<\/div>\n<\/div>\n<\/div>\n\n\n\n<div class=\"wp-block-column is-vertically-aligned-center is-layout-flow wp-block-column-is-layout-flow\" style=\"flex-basis:50%\">\n<figure class=\"wp-block-image size-large is-style-rounded is-style-rounded--1\"><img fetchpriority=\"high\" width=\"683\" height=\"1024\"  alt=\"\" class=\"wp-image-159 lws-optimize-lazyload\" style=\"aspect-ratio:3\/4;object-fit:cover\"\/ data-src=\"https:\/\/cultur-moderne.com\/wp-content\/uploads\/2025\/05\/serrurerie-cultur-moderne-683x1024.jpg\" srcset=\"https:\/\/cultur-moderne.com\/wp-content\/uploads\/2025\/05\/serrurerie-cultur-moderne-683x1024.jpg 683w, https:\/\/cultur-moderne.com\/wp-content\/uploads\/2025\/05\/serrurerie-cultur-moderne-200x300.jpg 200w, https:\/\/cultur-moderne.com\/wp-content\/uploads\/2025\/05\/serrurerie-cultur-moderne-768x1152.jpg 768w, https:\/\/cultur-moderne.com\/wp-content\/uploads\/2025\/05\/serrurerie-cultur-moderne-1024x1536.jpg 1024w, https:\/\/cultur-moderne.com\/wp-content\/uploads\/2025\/05\/serrurerie-cultur-moderne-1365x2048.jpg 1365w, https:\/\/cultur-moderne.com\/wp-content\/uploads\/2025\/05\/serrurerie-cultur-moderne-scaled.jpg 1707w\" sizes=\"(max-width: 683px) 100vw, 683px\" \/><\/figure>\n<\/div>\n<\/div>\n<\/div>\n\n\n\n<div class=\"wp-block-group alignfull has-base-background-color has-background has-global-padding is-layout-constrained wp-container-core-group-is-layout-4 wp-block-group-is-layout-constrained\" style=\"margin-top:0;margin-bottom:0;padding-top:var(--wp--preset--spacing--50);padding-right:var(--wp--preset--spacing--50);padding-bottom:var(--wp--preset--spacing--50);padding-left:var(--wp--preset--spacing--50)\">\n<div class=\"wp-block-columns alignwide is-layout-flex wp-container-core-columns-is-layout-3 wp-block-columns-is-layout-flex\">\n<div class=\"wp-block-column has-global-padding is-content-justification-left is-layout-constrained wp-container-core-column-is-layout-3 wp-block-column-is-layout-constrained\" style=\"flex-basis:40%\">\n<p><strong>Savoir-faire artisanal et travail minutieux.<\/strong><\/p>\n<\/div>\n\n\n\n<div class=\"wp-block-column is-layout-flow wp-container-core-column-is-layout-6 wp-block-column-is-layout-flow\" style=\"flex-basis:60%\">\n<p class=\"has-heading-font-family has-x-large-font-size\" style=\"line-height:1.2\">Nos services et nos engagements<\/p>\n\n\n\n<div class=\"wp-block-columns is-layout-flex wp-container-core-columns-is-layout-2 wp-block-columns-is-layout-flex\">\n<div class=\"wp-block-column is-layout-flow wp-block-column-is-layout-flow\">\n<p class=\"wp-container-content-1\">\ud83d\udd11 Ouverture de portes (porte claqu\u00e9e, perte de cl\u00e9s, serrure bloqu\u00e9e\u2026)<\/p>\n\n\n\n<p class=\"wp-container-content-2\">\ud83d\udd27 Installation et remplacement de serrures toutes marques, motorisation de portails, portillons, portes \ud83d\udea8 D\u00e9pannage en urgence 24h\/24 et 7j\/7 \ud83d\udee1\ufe0f Blindage de portes et renforcement de la s\u00e9curit\u00e9 \ud83d\udd10 Conseils personnalis\u00e9s et solutions sur mesure<\/p>\n<\/div>\n\n\n\n<div class=\"wp-block-column is-layout-flow wp-block-column-is-layout-flow\">\n<p>\u26a1 Intervention rapide et efficace<\/p>\n\n\n\n<p>\ud83d\udd52 Disponibilit\u00e9 24\/7, m\u00eame les jours f\u00e9ri\u00e9s\n\n\ud83d\udcbc Devis gratuit et transparent\n\n\ud83d\udee0\ufe0f Mat\u00e9riel de qualit\u00e9 et pose soign\u00e9e\n\n\ud83e\uddf0 Savoir-faire artisanal et travail minutieux<\/p>\n<\/div>\n<\/div>\n<\/div>\n<\/div>\n<\/div>\n\n\n\n<div class=\"wp-block-group alignfull has-accent-5-background-color has-background has-global-padding is-layout-constrained wp-container-core-group-is-layout-5 wp-block-group-is-layout-constrained\" style=\"margin-top:0;margin-bottom:0;padding-top:var(--wp--preset--spacing--50);padding-right:var(--wp--preset--spacing--50);padding-bottom:var(--wp--preset--spacing--50);padding-left:var(--wp--preset--spacing--50)\">\n<div class=\"wp-block-columns alignwide is-layout-flex wp-container-core-columns-is-layout-4 wp-block-columns-is-layout-flex\">\n<div class=\"wp-block-column is-vertically-aligned-center is-layout-flow wp-block-column-is-layout-flow\" style=\"flex-basis:60%\">\n<figure class=\"wp-block-image size-full is-style-rounded wp-duotone-duotone-1 is-style-rounded--2\"><img width=\"1024\" height=\"1365\"  alt=\"\" class=\"wp-image-249 lws-optimize-lazyload\" style=\"aspect-ratio:4\/3;object-fit:cover\"\/ data-src=\"https:\/\/cultur-moderne.com\/wp-content\/uploads\/2025\/06\/portail.jpg\" srcset=\"https:\/\/cultur-moderne.com\/wp-content\/uploads\/2025\/06\/portail.jpg 1024w, https:\/\/cultur-moderne.com\/wp-content\/uploads\/2025\/06\/portail-225x300.jpg 225w, https:\/\/cultur-moderne.com\/wp-content\/uploads\/2025\/06\/portail-768x1024.jpg 768w\" sizes=\"(max-width: 1024px) 100vw, 1024px\" \/><\/figure>\n<\/div>\n\n\n\n<div class=\"wp-block-column is-layout-flow wp-block-column-is-layout-flow\" style=\"flex-basis:40%\">\n<h2 class=\"wp-block-heading\">Faites Nous confiance pour une s\u00e9curit\u00e9 renforc\u00e9e, des interventions fiables et un accompagnement sur mesure avec une motorisation possible.<\/h2>\n\n\n\n<p>\ud83d\udcde Contactez-nous d\u00e8s maintenant pour un d\u00e9pannage ou un devis gratuit.<\/p>\n\n\n\n<div class=\"wp-block-buttons is-layout-flex wp-block-buttons-is-layout-flex\">\n<div class=\"wp-block-button\"><a class=\"wp-block-button__link wp-element-button\" href=\"https:\/\/cultur-moderne.com\/?page_id=189\">A propos de nous&#8230;<\/a><\/div>\n<\/div>\n<\/div>\n<\/div>\n<\/div>\n\n\n\n<div class=\"wp-block-group alignfull has-global-padding is-layout-constrained wp-container-core-group-is-layout-11 wp-block-group-is-layout-constrained\" style=\"margin-top:0;margin-bottom:0;padding-top:var(--wp--preset--spacing--50);padding-right:var(--wp--preset--spacing--50);padding-bottom:var(--wp--preset--spacing--50);padding-left:var(--wp--preset--spacing--50)\">\n<div class=\"wp-block-group is-vertical is-content-justification-center is-layout-flex wp-container-core-group-is-layout-6 wp-block-group-is-layout-flex\">\n<h6 class=\"wp-block-heading has-text-align-center has-xx-large-font-size\">\ud83d\udee0\ufe0f Artisan de confiance \u2013 Devis gratuit \u2013 Intervention rapide !<\/h6>\n\n\n\n<p class=\"has-text-align-center\">\u2705 Ouverture de portes<br>\u2705 D\u00e9pannage en urgence<br>\u2705 Installation de serrures<br>\u2705 Blindage de portes<\/p>\n<\/div>\n\n\n\n<div style=\"height:var(--wp--preset--spacing--30)\" aria-hidden=\"true\" class=\"wp-block-spacer\"><\/div>\n\n\n\n<div class=\"wp-block-columns alignwide is-layout-flex wp-container-core-columns-is-layout-5 wp-block-columns-is-layout-flex\" style=\"padding-right:0;padding-left:0\">\n<div class=\"wp-block-column is-layout-flow wp-block-column-is-layout-flow\">\n<figure class=\"wp-block-image size-full is-style-rounded is-style-rounded--3\"><img width=\"1024\" height=\"768\"  alt=\"\" class=\"wp-image-251 lws-optimize-lazyload\" style=\"aspect-ratio:1;object-fit:cover\"\/ data-src=\"https:\/\/cultur-moderne.com\/wp-content\/uploads\/2025\/06\/portail2.jpg\" srcset=\"https:\/\/cultur-moderne.com\/wp-content\/uploads\/2025\/06\/portail2.jpg 1024w, https:\/\/cultur-moderne.com\/wp-content\/uploads\/2025\/06\/portail2-300x225.jpg 300w, https:\/\/cultur-moderne.com\/wp-content\/uploads\/2025\/06\/portail2-768x576.jpg 768w\" sizes=\"(max-width: 1024px) 100vw, 1024px\" \/><\/figure>\n\n\n\n<div class=\"wp-block-group is-vertical is-content-justification-center is-nowrap is-layout-flex wp-container-core-group-is-layout-7 wp-block-group-is-layout-flex\">\n<p class=\"has-text-align-center has-small-font-size\"><strong>Portail avec d\u00e9coration d\u00e9coupe plasma<\/strong><\/p>\n\n\n\n<p class=\"has-text-align-center has-small-font-size\">sur demande&#8230;<\/p>\n<\/div>\n<\/div>\n\n\n\n<div class=\"wp-block-column is-layout-flow wp-block-column-is-layout-flow\">\n<figure class=\"wp-block-image size-full is-style-rounded is-style-rounded--4\"><img loading=\"lazy\" width=\"1024\" height=\"1365\"  alt=\"\" class=\"wp-image-252 lws-optimize-lazyload\" style=\"aspect-ratio:1;object-fit:cover\"\/ data-src=\"https:\/\/cultur-moderne.com\/wp-content\/uploads\/2025\/06\/portail-1.jpg\" srcset=\"https:\/\/cultur-moderne.com\/wp-content\/uploads\/2025\/06\/portail-1.jpg 1024w, https:\/\/cultur-moderne.com\/wp-content\/uploads\/2025\/06\/portail-1-225x300.jpg 225w, https:\/\/cultur-moderne.com\/wp-content\/uploads\/2025\/06\/portail-1-768x1024.jpg 768w\" sizes=\"(max-width: 1024px) 100vw, 1024px\" \/><\/figure>\n\n\n\n<div class=\"wp-block-group is-vertical is-content-justification-center is-nowrap is-layout-flex wp-container-core-group-is-layout-8 wp-block-group-is-layout-flex\">\n<p class=\"has-text-align-center has-small-font-size\"><strong><strong>Portail avec d\u00e9coration d\u00e9coupe plasma<\/strong><\/strong><\/p>\n\n\n\n<p class=\"has-text-align-center has-small-font-size\">personnalisation possible&#8230;<\/p>\n<\/div>\n<\/div>\n\n\n\n<div class=\"wp-block-column is-layout-flow wp-block-column-is-layout-flow\">\n<figure class=\"wp-block-image size-full is-style-rounded is-style-rounded--5\"><img loading=\"lazy\" width=\"1024\" height=\"1365\"  alt=\"\" class=\"wp-image-253 lws-optimize-lazyload\" style=\"aspect-ratio:1;object-fit:cover\"\/ data-src=\"https:\/\/cultur-moderne.com\/wp-content\/uploads\/2025\/06\/portillon.jpg\" srcset=\"https:\/\/cultur-moderne.com\/wp-content\/uploads\/2025\/06\/portillon.jpg 1024w, https:\/\/cultur-moderne.com\/wp-content\/uploads\/2025\/06\/portillon-225x300.jpg 225w, https:\/\/cultur-moderne.com\/wp-content\/uploads\/2025\/06\/portillon-768x1024.jpg 768w\" sizes=\"(max-width: 1024px) 100vw, 1024px\" \/><\/figure>\n\n\n\n<div class=\"wp-block-group is-vertical is-content-justification-center is-nowrap is-layout-flex wp-container-core-group-is-layout-9 wp-block-group-is-layout-flex\">\n<p class=\"has-text-align-center has-small-font-size\"><strong>Portillon<\/strong><\/p>\n\n\n\n<p class=\"has-text-align-center has-small-font-size\">personnalisation sur demande&#8230;<\/p>\n<\/div>\n<\/div>\n\n\n\n<div class=\"wp-block-column is-layout-flow wp-block-column-is-layout-flow\">\n<figure class=\"wp-block-image size-full is-style-rounded is-style-rounded--6\"><img loading=\"lazy\" width=\"1024\" height=\"1365\"  alt=\"\" class=\"wp-image-254 lws-optimize-lazyload\" style=\"aspect-ratio:1;object-fit:cover\"\/ data-src=\"https:\/\/cultur-moderne.com\/wp-content\/uploads\/2025\/06\/portail1.jpg\" srcset=\"https:\/\/cultur-moderne.com\/wp-content\/uploads\/2025\/06\/portail1.jpg 1024w, https:\/\/cultur-moderne.com\/wp-content\/uploads\/2025\/06\/portail1-225x300.jpg 225w, https:\/\/cultur-moderne.com\/wp-content\/uploads\/2025\/06\/portail1-768x1024.jpg 768w\" sizes=\"(max-width: 1024px) 100vw, 1024px\" \/><\/figure>\n\n\n\n<div class=\"wp-block-group is-vertical is-content-justification-center is-nowrap is-layout-flex wp-container-core-group-is-layout-10 wp-block-group-is-layout-flex\">\n<p class=\"has-text-align-center has-small-font-size\"><strong>Portillon<\/strong><\/p>\n\n\n\n<p class=\"has-text-align-center has-small-font-size\">Tous projets possibles&#8230;<\/p>\n<\/div>\n<\/div>\n<\/div>\n<\/div>\n\n\n\n<div class=\"wp-block-group alignfull has-global-padding is-layout-constrained wp-container-core-group-is-layout-14 wp-block-group-is-layout-constrained\" style=\"margin-top:0;margin-bottom:0;padding-top:var(--wp--preset--spacing--50);padding-right:var(--wp--preset--spacing--50);padding-bottom:var(--wp--preset--spacing--50);padding-left:var(--wp--preset--spacing--50)\">\n<div class=\"wp-block-group alignwide has-base-2-background-color has-background is-layout-flow wp-block-group-is-layout-flow\" style=\"border-radius:16px;padding-top:var(--wp--preset--spacing--50);padding-right:var(--wp--preset--spacing--50);padding-bottom:var(--wp--preset--spacing--50);padding-left:var(--wp--preset--spacing--50)\">\n<p class=\"has-text-align-center\"><strong>Pose et installation d&rsquo;automatisme et motorisation sur portails<\/strong><\/p>\n\n\n\n<div style=\"height:var(--wp--preset--spacing--10)\" aria-hidden=\"true\" class=\"wp-block-spacer\"><\/div>\n\n\n\n<div class=\"wp-block-group alignwide is-content-justification-center is-layout-flex wp-container-core-group-is-layout-12 wp-block-group-is-layout-flex\" style=\"padding-top:0;padding-right:0;padding-bottom:0;padding-left:0\">\n<figure class=\"wp-block-image size-large is-resized\"><img loading=\"lazy\" width=\"1024\" height=\"996\"  alt=\"\" class=\"wp-image-255 lws-optimize-lazyload\" style=\"aspect-ratio:4\/3;object-fit:contain;width:150px\"\/ data-src=\"https:\/\/cultur-moderne.com\/wp-content\/uploads\/2025\/06\/verrou-serrure-1024x996.jpg\" srcset=\"https:\/\/cultur-moderne.com\/wp-content\/uploads\/2025\/06\/verrou-serrure-1024x996.jpg 1024w, https:\/\/cultur-moderne.com\/wp-content\/uploads\/2025\/06\/verrou-serrure-300x292.jpg 300w, https:\/\/cultur-moderne.com\/wp-content\/uploads\/2025\/06\/verrou-serrure-768x747.jpg 768w, https:\/\/cultur-moderne.com\/wp-content\/uploads\/2025\/06\/verrou-serrure.jpg 1240w\" sizes=\"(max-width: 1024px) 100vw, 1024px\" \/><\/figure>\n\n\n\n<figure class=\"wp-block-image size-full is-resized\"><img loading=\"lazy\" width=\"1024\" height=\"904\"  alt=\"\" class=\"wp-image-256 lws-optimize-lazyload\" style=\"aspect-ratio:4\/3;object-fit:contain;width:150px\"\/ data-src=\"https:\/\/cultur-moderne.com\/wp-content\/uploads\/2025\/06\/motorisation-portail.jpg\" srcset=\"https:\/\/cultur-moderne.com\/wp-content\/uploads\/2025\/06\/motorisation-portail.jpg 1024w, https:\/\/cultur-moderne.com\/wp-content\/uploads\/2025\/06\/motorisation-portail-300x265.jpg 300w, https:\/\/cultur-moderne.com\/wp-content\/uploads\/2025\/06\/motorisation-portail-768x678.jpg 768w\" sizes=\"(max-width: 1024px) 100vw, 1024px\" \/><\/figure>\n\n\n\n<figure class=\"wp-block-image size-large is-resized\"><img loading=\"lazy\" width=\"1019\" height=\"1024\"  alt=\"\" class=\"wp-image-257 lws-optimize-lazyload\" style=\"aspect-ratio:4\/3;object-fit:contain;width:150px\"\/ data-src=\"https:\/\/cultur-moderne.com\/wp-content\/uploads\/2025\/06\/verrou-cle-1019x1024.jpg\" srcset=\"https:\/\/cultur-moderne.com\/wp-content\/uploads\/2025\/06\/verrou-cle-1019x1024.jpg 1019w, https:\/\/cultur-moderne.com\/wp-content\/uploads\/2025\/06\/verrou-cle-300x300.jpg 300w, https:\/\/cultur-moderne.com\/wp-content\/uploads\/2025\/06\/verrou-cle-150x150.jpg 150w, https:\/\/cultur-moderne.com\/wp-content\/uploads\/2025\/06\/verrou-cle-768x772.jpg 768w, https:\/\/cultur-moderne.com\/wp-content\/uploads\/2025\/06\/verrou-cle.jpg 1024w\" sizes=\"(max-width: 1019px) 100vw, 1019px\" \/><\/figure>\n\n\n\n<figure class=\"wp-block-image size-full is-resized\"><img loading=\"lazy\" width=\"943\" height=\"969\"  alt=\"\" class=\"wp-image-258 lws-optimize-lazyload\" style=\"aspect-ratio:4\/3;object-fit:contain;width:150px\"\/ data-src=\"https:\/\/cultur-moderne.com\/wp-content\/uploads\/2025\/06\/cellule-serrure.jpg\" srcset=\"https:\/\/cultur-moderne.com\/wp-content\/uploads\/2025\/06\/cellule-serrure.jpg 943w, https:\/\/cultur-moderne.com\/wp-content\/uploads\/2025\/06\/cellule-serrure-292x300.jpg 292w, https:\/\/cultur-moderne.com\/wp-content\/uploads\/2025\/06\/cellule-serrure-768x789.jpg 768w\" sizes=\"(max-width: 943px) 100vw, 943px\" \/><\/figure>\n\n\n\n<figure class=\"wp-block-image size-large is-resized\"><img loading=\"lazy\" width=\"800\" height=\"1024\"  alt=\"\" class=\"wp-image-259 lws-optimize-lazyload\" style=\"aspect-ratio:4\/3;object-fit:contain;width:150px\"\/ data-src=\"https:\/\/cultur-moderne.com\/wp-content\/uploads\/2025\/06\/serrure-distance-800x1024.jpg\" srcset=\"https:\/\/cultur-moderne.com\/wp-content\/uploads\/2025\/06\/serrure-distance-800x1024.jpg 800w, https:\/\/cultur-moderne.com\/wp-content\/uploads\/2025\/06\/serrure-distance-234x300.jpg 234w, https:\/\/cultur-moderne.com\/wp-content\/uploads\/2025\/06\/serrure-distance-768x983.jpg 768w, https:\/\/cultur-moderne.com\/wp-content\/uploads\/2025\/06\/serrure-distance.jpg 953w\" sizes=\"(max-width: 800px) 100vw, 800px\" \/><\/figure>\n<\/div>\n<\/div>\n<\/div>\n\n\n\n<div class=\"wp-block-group alignfull has-base-color has-contrast-background-color has-text-color has-background has-link-color wp-elements-118a2fb7e9d2c0958c8c42519c2dfc5e has-global-padding is-layout-constrained wp-container-core-group-is-layout-15 wp-block-group-is-layout-constrained\" style=\"margin-top:0;margin-bottom:0;padding-top:var(--wp--preset--spacing--50);padding-right:var(--wp--preset--spacing--50);padding-bottom:var(--wp--preset--spacing--50);padding-left:var(--wp--preset--spacing--50)\">\n<figure class=\"wp-block-image size-full\"><img loading=\"lazy\" width=\"480\" height=\"421\"  alt=\"\" class=\"wp-image-161 lws-optimize-lazyload\"\/ data-src=\"https:\/\/cultur-moderne.com\/wp-content\/uploads\/2025\/05\/logo-fond-blanc-culturmoderne-1.png\" srcset=\"https:\/\/cultur-moderne.com\/wp-content\/uploads\/2025\/05\/logo-fond-blanc-culturmoderne-1.png 480w, https:\/\/cultur-moderne.com\/wp-content\/uploads\/2025\/05\/logo-fond-blanc-culturmoderne-1-300x263.png 300w\" sizes=\"(max-width: 480px) 100vw, 480px\" \/><\/figure>\n<\/div>\n\n\n\n<div class=\"wp-block-group alignfull has-global-padding is-layout-constrained wp-container-core-group-is-layout-16 wp-block-group-is-layout-constrained\" style=\"margin-top:0;margin-bottom:0;padding-top:var(--wp--preset--spacing--50);padding-right:var(--wp--preset--spacing--50);padding-bottom:var(--wp--preset--spacing--50);padding-left:var(--wp--preset--spacing--50)\">\n<div class=\"wp-block-columns alignwide are-vertically-aligned-center is-layout-flex wp-container-core-columns-is-layout-6 wp-block-columns-is-layout-flex\">\n<div class=\"wp-block-column is-vertically-aligned-center is-layout-flow wp-block-column-is-layout-flow\" style=\"flex-basis:50%\">\n<h4 class=\"wp-block-heading\"><strong>\ud83d\udccd SERRURIER DE CONFIANCE \u00c0 FAYE-LA-VINEUSE<br>\ud83d\udd10 CULTUR MODERNE \u2013 SERRURERIE G\u00c9N\u00c9RALE<\/strong><\/h4>\n\n\n\n<p>\u2705 Ouverture de portes<br>\u2705 Remplacement et pose de serrures toutes marques<br>\u2705 Blindage de portes et s\u00e9curisation<br>\u2705 Urgence serrurerie<br>\u2705 Conseils sur mesure et devis gratuit<\/p>\n<\/div>\n\n\n\n<div class=\"wp-block-column is-vertically-aligned-center is-layout-flow wp-block-column-is-layout-flow\" style=\"flex-basis:50%\">\n<figure class=\"wp-block-image size-full is-style-rounded is-style-rounded--7\"><img loading=\"lazy\" width=\"2560\" height=\"1588\"  alt=\"\" class=\"wp-image-162 lws-optimize-lazyload\" style=\"aspect-ratio:4\/3;object-fit:cover\"\/ data-src=\"https:\/\/cultur-moderne.com\/wp-content\/uploads\/2025\/05\/serrurerie-cultur-moderne-3-scaled.jpg\" srcset=\"https:\/\/cultur-moderne.com\/wp-content\/uploads\/2025\/05\/serrurerie-cultur-moderne-3-scaled.jpg 2560w, https:\/\/cultur-moderne.com\/wp-content\/uploads\/2025\/05\/serrurerie-cultur-moderne-3-300x186.jpg 300w, https:\/\/cultur-moderne.com\/wp-content\/uploads\/2025\/05\/serrurerie-cultur-moderne-3-1024x635.jpg 1024w, https:\/\/cultur-moderne.com\/wp-content\/uploads\/2025\/05\/serrurerie-cultur-moderne-3-768x476.jpg 768w, https:\/\/cultur-moderne.com\/wp-content\/uploads\/2025\/05\/serrurerie-cultur-moderne-3-1536x953.jpg 1536w, https:\/\/cultur-moderne.com\/wp-content\/uploads\/2025\/05\/serrurerie-cultur-moderne-3-2048x1270.jpg 2048w\" sizes=\"(max-width: 2560px) 100vw, 2560px\" \/><\/figure>\n<\/div>\n<\/div>\n<\/div>\n","protected":false},"excerpt":{"rendered":"<p>Chez Cultur&rsquo;Moderne du Richelais, nous mettons notre savoir-faire artisanal au service de votre s\u00e9curit\u00e9. Bas\u00e9s \u00e0 Faye-la-Vineuse, nous intervenons rapidement aupr\u00e8s des particuliers, professionnels et collectivit\u00e9s pour tous vos besoins en serrurerie. Savoir-faire artisanal et travail minutieux. Nos services et nos engagements \ud83d\udd11 Ouverture de portes (porte claqu\u00e9e, perte de cl\u00e9s, serrure bloqu\u00e9e\u2026) \ud83d\udd27 Installation [&hellip;]<\/p>\n","protected":false},"author":1,"featured_media":0,"parent":0,"menu_order":0,"comment_status":"closed","ping_status":"closed","template":"","meta":{"footnotes":""},"class_list":["post-24","page","type-page","status-publish","hentry"],"_links":{"self":[{"href":"https:\/\/cultur-moderne.com\/index.php?rest_route=\/wp\/v2\/pages\/24","targetHints":{"allow":["GET"]}}],"collection":[{"href":"https:\/\/cultur-moderne.com\/index.php?rest_route=\/wp\/v2\/pages"}],"about":[{"href":"https:\/\/cultur-moderne.com\/index.php?rest_route=\/wp\/v2\/types\/page"}],"author":[{"embeddable":true,"href":"https:\/\/cultur-moderne.com\/index.php?rest_route=\/wp\/v2\/users\/1"}],"replies":[{"embeddable":true,"href":"https:\/\/cultur-moderne.com\/index.php?rest_route=%2Fwp%2Fv2%2Fcomments&post=24"}],"version-history":[{"count":7,"href":"https:\/\/cultur-moderne.com\/index.php?rest_route=\/wp\/v2\/pages\/24\/revisions"}],"predecessor-version":[{"id":300,"href":"https:\/\/cultur-moderne.com\/index.php?rest_route=\/wp\/v2\/pages\/24\/revisions\/300"}],"wp:attachment":[{"href":"https:\/\/cultur-moderne.com\/index.php?rest_route=%2Fwp%2Fv2%2Fmedia&parent=24"}],"curies":[{"name":"wp","href":"https:\/\/api.w.org\/{rel}","templated":true}]}}