{"id":189,"date":"2025-06-02T17:53:22","date_gmt":"2025-06-02T15:53:22","guid":{"rendered":"https:\/\/cultur-moderne.com\/?page_id=189"},"modified":"2025-07-06T11:04:46","modified_gmt":"2025-07-06T09:04:46","slug":"a-propos","status":"publish","type":"page","link":"https:\/\/cultur-moderne.com\/?page_id=189","title":{"rendered":"A propos"},"content":{"rendered":"\n<p><strong>Cultur&rsquo;Moderne du Richelais<\/strong> est une entreprise artisanale situ\u00e9e au c\u0153ur de la Touraine, \u00e0 <strong>Faye-la-Vineuse<\/strong>. Sp\u00e9cialis\u00e9e en <strong>m\u00e9tallerie, ferronnerie, serrurerie, d\u00e9coupe plasma<\/strong> ainsi qu\u2019en <strong>m\u00e9canique agricole, automobile et motoculture<\/strong>, elle met depuis plusieurs ann\u00e9es son savoir-faire au service des particuliers, professionnels et collectivit\u00e9s.<\/p>\n\n\n\n<p>\u00c0 taille humaine, notre atelier privil\u00e9gie le <strong>travail de qualit\u00e9, la proximit\u00e9 et la r\u00e9activit\u00e9<\/strong>.<\/p>\n\n\n\n<p>\ud83d\udccd <strong>Adresse<\/strong> : 12 rue Dindin, 37120 Faye-la-Vineuse<br>\u260e\ufe0f <strong>T\u00e9l\u00e9phone<\/strong> : 02 47 95 66 09<br>\ud83d\udce7 <strong>Email<\/strong> : <a>culturmoderne@wanadoo.fr<\/a> \/ <a>culturmoderne@gmail.com<\/a><\/p>\n\n\n\n<h2 class=\"wp-block-heading\">Cultur&rsquo; Moderne du Richelais<\/h2>\n\n\n\n<p>Siret: 34494394900018<\/p>\n\n\n\n<figure class=\"wp-block-image size-full\"><a href=\"https:\/\/www.google.fr\/maps\/place\/Cultur'+Moderne+du+Richelais\/@46.9549111,0.3374743,17z\/data=!3m1!4b1!4m6!3m5!1s0x47fd0d3ded101c17:0x8e982a4f52c6d5f3!8m2!3d46.9549111!4d0.3400546!16s%2Fg%2F1w0p4_4y?entry=ttu&amp;g_ep=EgoyMDI1MDUyOC4wIKXMDSoASAFQAw%3D%3D\" target=\"_blank\" rel=\" noreferrer noopener\"><img fetchpriority=\"high\" width=\"1015\" height=\"566\"  alt=\"\" class=\"wp-image-190 lws-optimize-lazyload\"\/ data-src=\"https:\/\/cultur-moderne.com\/wp-content\/uploads\/2025\/06\/maps-cultur-moderne-du-richelais.jpg\" srcset=\"https:\/\/cultur-moderne.com\/wp-content\/uploads\/2025\/06\/maps-cultur-moderne-du-richelais.jpg 1015w, https:\/\/cultur-moderne.com\/wp-content\/uploads\/2025\/06\/maps-cultur-moderne-du-richelais-300x167.jpg 300w, https:\/\/cultur-moderne.com\/wp-content\/uploads\/2025\/06\/maps-cultur-moderne-du-richelais-768x428.jpg 768w\" sizes=\"(max-width: 1015px) 100vw, 1015px\" \/><\/a><\/figure>\n","protected":false},"excerpt":{"rendered":"<p>Cultur&rsquo;Moderne du Richelais est une entreprise artisanale situ\u00e9e au c\u0153ur de la Touraine, \u00e0 Faye-la-Vineuse. Sp\u00e9cialis\u00e9e en m\u00e9tallerie, ferronnerie, serrurerie, d\u00e9coupe plasma ainsi qu\u2019en m\u00e9canique agricole, automobile et motoculture, elle met depuis plusieurs ann\u00e9es son savoir-faire au service des particuliers, professionnels et collectivit\u00e9s. \u00c0 taille humaine, notre atelier privil\u00e9gie le travail de qualit\u00e9, la proximit\u00e9 [&hellip;]<\/p>\n","protected":false},"author":1,"featured_media":0,"parent":0,"menu_order":0,"comment_status":"closed","ping_status":"closed","template":"","meta":{"footnotes":""},"class_list":["post-189","page","type-page","status-publish","hentry"],"_links":{"self":[{"href":"https:\/\/cultur-moderne.com\/index.php?rest_route=\/wp\/v2\/pages\/189","targetHints":{"allow":["GET"]}}],"collection":[{"href":"https:\/\/cultur-moderne.com\/index.php?rest_route=\/wp\/v2\/pages"}],"about":[{"href":"https:\/\/cultur-moderne.com\/index.php?rest_route=\/wp\/v2\/types\/page"}],"author":[{"embeddable":true,"href":"https:\/\/cultur-moderne.com\/index.php?rest_route=\/wp\/v2\/users\/1"}],"replies":[{"embeddable":true,"href":"https:\/\/cultur-moderne.com\/index.php?rest_route=%2Fwp%2Fv2%2Fcomments&post=189"}],"version-history":[{"count":8,"href":"https:\/\/cultur-moderne.com\/index.php?rest_route=\/wp\/v2\/pages\/189\/revisions"}],"predecessor-version":[{"id":297,"href":"https:\/\/cultur-moderne.com\/index.php?rest_route=\/wp\/v2\/pages\/189\/revisions\/297"}],"wp:attachment":[{"href":"https:\/\/cultur-moderne.com\/index.php?rest_route=%2Fwp%2Fv2%2Fmedia&parent=189"}],"curies":[{"name":"wp","href":"https:\/\/api.w.org\/{rel}","templated":true}]}}